{"id":765,"date":"2024-08-08T03:03:19","date_gmt":"2024-08-08T03:03:19","guid":{"rendered":"https:\/\/tiendamora.cl\/?post_type=product&#038;p=765"},"modified":"2024-08-08T03:03:19","modified_gmt":"2024-08-08T03:03:19","slug":"uni-t-ut201","status":"publish","type":"product","link":"https:\/\/tiendamora.cl\/index.php\/product\/uni-t-ut201\/","title":{"rendered":"UNI-T UT201"},"content":{"rendered":"","protected":false},"excerpt":{"rendered":"<ul class=\"a-unordered-list a-vertical a-spacing-mini\">\n<li class=\"a-spacing-mini\"><span class=\"a-list-item\">Pantalla LCD de pantalla grande, convertidor r\u00e1pido ADC\/anal\u00f3gico a digital<\/span><\/li>\n<li class=\"a-spacing-mini\"><span class=\"a-list-item\">Protecci\u00f3n de detecci\u00f3n falsa con todas las funciones, sobretensi\u00f3n, aviso de alarma de sobrecorriente<\/span><\/li>\n<li class=\"a-spacing-mini\"><span class=\"a-list-item\">Medici\u00f3n de voltaje 600V<\/span><\/li>\n<li class=\"a-spacing-mini\"><span class=\"a-list-item\">Con medici\u00f3n de frecuencia de alto voltaje<\/span><\/li>\n<li class=\"a-spacing-mini\"><span class=\"a-list-item\">Funci\u00f3n de medici\u00f3n de corriente AC; Con medici\u00f3n de frecuencia actual<\/span><\/li>\n<\/ul>\n","protected":false},"featured_media":766,"comment_status":"open","ping_status":"closed","template":"","meta":[],"product_cat":[45],"product_tag":[],"class_list":{"0":"post-765","1":"product","2":"type-product","3":"status-publish","4":"has-post-thumbnail","6":"product_cat-herramientas","8":"first","9":"instock","10":"shipping-taxable","11":"product-type-simple"},"_links":{"self":[{"href":"https:\/\/tiendamora.cl\/index.php\/wp-json\/wp\/v2\/product\/765","targetHints":{"allow":["GET"]}}],"collection":[{"href":"https:\/\/tiendamora.cl\/index.php\/wp-json\/wp\/v2\/product"}],"about":[{"href":"https:\/\/tiendamora.cl\/index.php\/wp-json\/wp\/v2\/types\/product"}],"replies":[{"embeddable":true,"href":"https:\/\/tiendamora.cl\/index.php\/wp-json\/wp\/v2\/comments?post=765"}],"wp:featuredmedia":[{"embeddable":true,"href":"https:\/\/tiendamora.cl\/index.php\/wp-json\/wp\/v2\/media\/766"}],"wp:attachment":[{"href":"https:\/\/tiendamora.cl\/index.php\/wp-json\/wp\/v2\/media?parent=765"}],"wp:term":[{"taxonomy":"product_cat","embeddable":true,"href":"https:\/\/tiendamora.cl\/index.php\/wp-json\/wp\/v2\/product_cat?post=765"},{"taxonomy":"product_tag","embeddable":true,"href":"https:\/\/tiendamora.cl\/index.php\/wp-json\/wp\/v2\/product_tag?post=765"}],"curies":[{"name":"wp","href":"https:\/\/api.w.org\/{rel}","templated":true}]}}