{"id":763,"date":"2024-08-08T03:01:19","date_gmt":"2024-08-08T03:01:19","guid":{"rendered":"https:\/\/tiendamora.cl\/?post_type=product&#038;p=763"},"modified":"2024-08-08T03:01:19","modified_gmt":"2024-08-08T03:01:19","slug":"inversor-de-potencia-de-onda-sinusoidal-modificada-de-300-w","status":"publish","type":"product","link":"https:\/\/tiendamora.cl\/index.php\/product\/inversor-de-potencia-de-onda-sinusoidal-modificada-de-300-w\/","title":{"rendered":"Inversor de potencia de onda sinusoidal modificada de 300 W"},"content":{"rendered":"","protected":false},"excerpt":{"rendered":"<p><span>El inversor de la serie WHM es un inversor de onda sinusoidal modificada, la serie WHM contiene completamente 75W-6000W. Puede convertir 12V\/24V\/48V CC de bater\u00edas dedicadas o tomas de CC en veh\u00edculos o barcos en energ\u00eda de 110V\/120V\/220V CA.<\/span><\/p>\n<p><span>Un inversor de onda sinusoidal modificada es una opci\u00f3n confiable y rentable, m\u00e1s econ\u00f3mica que un inversor de onda sinusoidal pura. Tiene la ventaja de ejecutar todas las cargas resistivas.<\/span><\/p>\n","protected":false},"featured_media":764,"comment_status":"open","ping_status":"closed","template":"","meta":[],"product_cat":[52],"product_tag":[],"class_list":{"0":"post-763","1":"product","2":"type-product","3":"status-publish","4":"has-post-thumbnail","6":"product_cat-baterias","8":"first","9":"instock","10":"shipping-taxable","11":"product-type-simple"},"_links":{"self":[{"href":"https:\/\/tiendamora.cl\/index.php\/wp-json\/wp\/v2\/product\/763","targetHints":{"allow":["GET"]}}],"collection":[{"href":"https:\/\/tiendamora.cl\/index.php\/wp-json\/wp\/v2\/product"}],"about":[{"href":"https:\/\/tiendamora.cl\/index.php\/wp-json\/wp\/v2\/types\/product"}],"replies":[{"embeddable":true,"href":"https:\/\/tiendamora.cl\/index.php\/wp-json\/wp\/v2\/comments?post=763"}],"wp:featuredmedia":[{"embeddable":true,"href":"https:\/\/tiendamora.cl\/index.php\/wp-json\/wp\/v2\/media\/764"}],"wp:attachment":[{"href":"https:\/\/tiendamora.cl\/index.php\/wp-json\/wp\/v2\/media?parent=763"}],"wp:term":[{"taxonomy":"product_cat","embeddable":true,"href":"https:\/\/tiendamora.cl\/index.php\/wp-json\/wp\/v2\/product_cat?post=763"},{"taxonomy":"product_tag","embeddable":true,"href":"https:\/\/tiendamora.cl\/index.php\/wp-json\/wp\/v2\/product_tag?post=763"}],"curies":[{"name":"wp","href":"https:\/\/api.w.org\/{rel}","templated":true}]}}