{"id":729,"date":"2024-08-08T02:17:03","date_gmt":"2024-08-08T02:17:03","guid":{"rendered":"https:\/\/tiendamora.cl\/?post_type=product&#038;p=729"},"modified":"2024-08-08T02:17:03","modified_gmt":"2024-08-08T02:17:03","slug":"desarmador-truper","status":"publish","type":"product","link":"https:\/\/tiendamora.cl\/index.php\/product\/desarmador-truper\/","title":{"rendered":"Desarmador Truper"},"content":{"rendered":"","protected":false},"excerpt":{"rendered":"<ul id=\"caracteristicas_hijo\" class=\"list-features fa-ul\">\n<li>Barra\u00a0hexagonal de\u00a0acero al cromo vanadio, 2X\u00a0m\u00e1s resistente\u00a0al desgaste que las de acero al carbono<\/li>\n<li><i class=\"fas fa-caret-right\"><\/i>Mango comfort grip con orificio para colgar<\/li>\n<li><i class=\"fas fa-caret-right\"><\/i>Marcado y c\u00f3digo de color para f\u00e1cil identificaci\u00f3n de medida y punta<\/li>\n<li><i class=\"fas fa-caret-right\"><\/i>Hex\u00e1gono\u00a0en la barra que maximiza\u00a0el torque con llave<\/li>\n<\/ul>\n","protected":false},"featured_media":730,"comment_status":"open","ping_status":"closed","template":"","meta":[],"product_cat":[45],"product_tag":[],"class_list":{"0":"post-729","1":"product","2":"type-product","3":"status-publish","4":"has-post-thumbnail","6":"product_cat-herramientas","8":"first","9":"instock","10":"shipping-taxable","11":"product-type-simple"},"_links":{"self":[{"href":"https:\/\/tiendamora.cl\/index.php\/wp-json\/wp\/v2\/product\/729","targetHints":{"allow":["GET"]}}],"collection":[{"href":"https:\/\/tiendamora.cl\/index.php\/wp-json\/wp\/v2\/product"}],"about":[{"href":"https:\/\/tiendamora.cl\/index.php\/wp-json\/wp\/v2\/types\/product"}],"replies":[{"embeddable":true,"href":"https:\/\/tiendamora.cl\/index.php\/wp-json\/wp\/v2\/comments?post=729"}],"wp:featuredmedia":[{"embeddable":true,"href":"https:\/\/tiendamora.cl\/index.php\/wp-json\/wp\/v2\/media\/730"}],"wp:attachment":[{"href":"https:\/\/tiendamora.cl\/index.php\/wp-json\/wp\/v2\/media?parent=729"}],"wp:term":[{"taxonomy":"product_cat","embeddable":true,"href":"https:\/\/tiendamora.cl\/index.php\/wp-json\/wp\/v2\/product_cat?post=729"},{"taxonomy":"product_tag","embeddable":true,"href":"https:\/\/tiendamora.cl\/index.php\/wp-json\/wp\/v2\/product_tag?post=729"}],"curies":[{"name":"wp","href":"https:\/\/api.w.org\/{rel}","templated":true}]}}