{"id":722,"date":"2024-08-08T01:57:34","date_gmt":"2024-08-08T01:57:34","guid":{"rendered":"https:\/\/tiendamora.cl\/?post_type=product&#038;p=722"},"modified":"2024-08-08T01:57:35","modified_gmt":"2024-08-08T01:57:35","slug":"funda-portaherramientas-nomiss","status":"publish","type":"product","link":"https:\/\/tiendamora.cl\/index.php\/product\/funda-portaherramientas-nomiss\/","title":{"rendered":"Funda Portaherramientas Nomiss"},"content":{"rendered":"","protected":false},"excerpt":{"rendered":"<p>Clip met\u00e1lico para flex\u00f3metro.<br \/>\n\u2713 2 Porta martillos de acero resistentes a la corrosi\u00f3n.<br \/>\n\u2713 Cintur\u00f3n ajustable 100% con hebilla de liberaci\u00f3n r\u00e1pida.<br \/>\n\u2713 Para electricistas, mec\u00e1nicos, constructores e industria telef\u00f3nica.<\/p>\n","protected":false},"featured_media":723,"comment_status":"open","ping_status":"closed","template":"","meta":[],"product_cat":[45,50],"product_tag":[],"class_list":{"0":"post-722","1":"product","2":"type-product","3":"status-publish","4":"has-post-thumbnail","6":"product_cat-herramientas","7":"product_cat-morrales-y-fundas","9":"first","10":"instock","11":"shipping-taxable","12":"product-type-simple"},"_links":{"self":[{"href":"https:\/\/tiendamora.cl\/index.php\/wp-json\/wp\/v2\/product\/722","targetHints":{"allow":["GET"]}}],"collection":[{"href":"https:\/\/tiendamora.cl\/index.php\/wp-json\/wp\/v2\/product"}],"about":[{"href":"https:\/\/tiendamora.cl\/index.php\/wp-json\/wp\/v2\/types\/product"}],"replies":[{"embeddable":true,"href":"https:\/\/tiendamora.cl\/index.php\/wp-json\/wp\/v2\/comments?post=722"}],"wp:featuredmedia":[{"embeddable":true,"href":"https:\/\/tiendamora.cl\/index.php\/wp-json\/wp\/v2\/media\/723"}],"wp:attachment":[{"href":"https:\/\/tiendamora.cl\/index.php\/wp-json\/wp\/v2\/media?parent=722"}],"wp:term":[{"taxonomy":"product_cat","embeddable":true,"href":"https:\/\/tiendamora.cl\/index.php\/wp-json\/wp\/v2\/product_cat?post=722"},{"taxonomy":"product_tag","embeddable":true,"href":"https:\/\/tiendamora.cl\/index.php\/wp-json\/wp\/v2\/product_tag?post=722"}],"curies":[{"name":"wp","href":"https:\/\/api.w.org\/{rel}","templated":true}]}}