{"id":707,"date":"2024-08-08T01:41:36","date_gmt":"2024-08-08T01:41:36","guid":{"rendered":"https:\/\/tiendamora.cl\/?post_type=product&#038;p=707"},"modified":"2024-08-08T01:41:36","modified_gmt":"2024-08-08T01:41:36","slug":"chispero-electrico-llama-auto-regulable-ronson","status":"publish","type":"product","link":"https:\/\/tiendamora.cl\/index.php\/product\/chispero-electrico-llama-auto-regulable-ronson\/","title":{"rendered":"Chispero El\u00e9ctrico Llama Auto Regulable Ronson"},"content":{"rendered":"","protected":false},"excerpt":{"rendered":"<p>El\u00e9ctrico Llama Auto Regulable Recargable Certificado.<br \/>\nSu dise\u00f1o ergon\u00f3mico permite una f\u00e1cil manipulaci\u00f3n.<br \/>\nIdeal para cocinas, fuegos, asados, velas y mucho mas.<\/p>\n","protected":false},"featured_media":708,"comment_status":"open","ping_status":"closed","template":"","meta":[],"product_cat":[47],"product_tag":[],"class_list":{"0":"post-707","1":"product","2":"type-product","3":"status-publish","4":"has-post-thumbnail","6":"product_cat-cocina","8":"first","9":"instock","10":"shipping-taxable","11":"product-type-simple"},"_links":{"self":[{"href":"https:\/\/tiendamora.cl\/index.php\/wp-json\/wp\/v2\/product\/707","targetHints":{"allow":["GET"]}}],"collection":[{"href":"https:\/\/tiendamora.cl\/index.php\/wp-json\/wp\/v2\/product"}],"about":[{"href":"https:\/\/tiendamora.cl\/index.php\/wp-json\/wp\/v2\/types\/product"}],"replies":[{"embeddable":true,"href":"https:\/\/tiendamora.cl\/index.php\/wp-json\/wp\/v2\/comments?post=707"}],"wp:featuredmedia":[{"embeddable":true,"href":"https:\/\/tiendamora.cl\/index.php\/wp-json\/wp\/v2\/media\/708"}],"wp:attachment":[{"href":"https:\/\/tiendamora.cl\/index.php\/wp-json\/wp\/v2\/media?parent=707"}],"wp:term":[{"taxonomy":"product_cat","embeddable":true,"href":"https:\/\/tiendamora.cl\/index.php\/wp-json\/wp\/v2\/product_cat?post=707"},{"taxonomy":"product_tag","embeddable":true,"href":"https:\/\/tiendamora.cl\/index.php\/wp-json\/wp\/v2\/product_tag?post=707"}],"curies":[{"name":"wp","href":"https:\/\/api.w.org\/{rel}","templated":true}]}}