{"id":702,"date":"2024-08-08T01:35:51","date_gmt":"2024-08-08T01:35:51","guid":{"rendered":"https:\/\/tiendamora.cl\/?post_type=product&#038;p=702"},"modified":"2024-08-08T01:35:51","modified_gmt":"2024-08-08T01:35:51","slug":"flota-de-espuma-9-1-2-espesor-7-16-acabado-liso-pretul","status":"publish","type":"product","link":"https:\/\/tiendamora.cl\/index.php\/product\/flota-de-espuma-9-1-2-espesor-7-16-acabado-liso-pretul\/","title":{"rendered":"Flota De Espuma, 9-1\/2&#8242;, Espesor 7\/16&#8242;, Acabado Liso, Pretul"},"content":{"rendered":"","protected":false},"excerpt":{"rendered":"<p>La flota de espuma Pretul modelo FL-9NP es una herramienta esencial para cualquier proyecto de construcci\u00f3n o remodelaci\u00f3n. Con un tama\u00f1o de 9-1\/2&#8243; x 4&#8243; (24 x 10 cm) y un espesor de 7\/16&#8243; (11 mm), esta flota es perfecta para trabajos limpios de boquillas. Su acabado liso garantiza un acabado profesional en cada uso.<\/p>\n","protected":false},"featured_media":703,"comment_status":"open","ping_status":"closed","template":"","meta":[],"product_cat":[45],"product_tag":[],"class_list":{"0":"post-702","1":"product","2":"type-product","3":"status-publish","4":"has-post-thumbnail","6":"product_cat-herramientas","8":"first","9":"instock","10":"shipping-taxable","11":"product-type-simple"},"_links":{"self":[{"href":"https:\/\/tiendamora.cl\/index.php\/wp-json\/wp\/v2\/product\/702","targetHints":{"allow":["GET"]}}],"collection":[{"href":"https:\/\/tiendamora.cl\/index.php\/wp-json\/wp\/v2\/product"}],"about":[{"href":"https:\/\/tiendamora.cl\/index.php\/wp-json\/wp\/v2\/types\/product"}],"replies":[{"embeddable":true,"href":"https:\/\/tiendamora.cl\/index.php\/wp-json\/wp\/v2\/comments?post=702"}],"wp:featuredmedia":[{"embeddable":true,"href":"https:\/\/tiendamora.cl\/index.php\/wp-json\/wp\/v2\/media\/703"}],"wp:attachment":[{"href":"https:\/\/tiendamora.cl\/index.php\/wp-json\/wp\/v2\/media?parent=702"}],"wp:term":[{"taxonomy":"product_cat","embeddable":true,"href":"https:\/\/tiendamora.cl\/index.php\/wp-json\/wp\/v2\/product_cat?post=702"},{"taxonomy":"product_tag","embeddable":true,"href":"https:\/\/tiendamora.cl\/index.php\/wp-json\/wp\/v2\/product_tag?post=702"}],"curies":[{"name":"wp","href":"https:\/\/api.w.org\/{rel}","templated":true}]}}