{"id":682,"date":"2024-08-07T23:29:42","date_gmt":"2024-08-07T23:29:42","guid":{"rendered":"https:\/\/tiendamora.cl\/?post_type=product&#038;p=682"},"modified":"2024-08-07T23:46:26","modified_gmt":"2024-08-07T23:46:26","slug":"probador-circuitos-punta-prueba-logica-6v-12v-24v-harden","status":"publish","type":"product","link":"https:\/\/tiendamora.cl\/index.php\/product\/probador-circuitos-punta-prueba-logica-6v-12v-24v-harden\/","title":{"rendered":"Probador Circuitos Punta Prueba Logica 6v 12v 24v Harden"},"content":{"rendered":"","protected":false},"excerpt":{"rendered":"<p>El Probador de Circuitos Punta Prueba L\u00f3gica 6v 12v 24v Harden es la herramienta perfecta para los amantes de la electr\u00f3nica. Con su marca reconocida, Harden, este dispositivo inal\u00e1mbrico te permitir\u00e1 realizar pruebas de voltaje de manera r\u00e1pida y precisa. Su medida m\u00e1xima de voltaje de 24V y m\u00ednima de 6V garantizan su versatilidad para adaptarse a diferentes circuitos.<\/p>\n","protected":false},"featured_media":683,"comment_status":"open","ping_status":"closed","template":"","meta":[],"product_cat":[45],"product_tag":[],"class_list":{"0":"post-682","1":"product","2":"type-product","3":"status-publish","4":"has-post-thumbnail","6":"product_cat-herramientas","8":"first","9":"instock","10":"shipping-taxable","11":"product-type-simple"},"_links":{"self":[{"href":"https:\/\/tiendamora.cl\/index.php\/wp-json\/wp\/v2\/product\/682","targetHints":{"allow":["GET"]}}],"collection":[{"href":"https:\/\/tiendamora.cl\/index.php\/wp-json\/wp\/v2\/product"}],"about":[{"href":"https:\/\/tiendamora.cl\/index.php\/wp-json\/wp\/v2\/types\/product"}],"replies":[{"embeddable":true,"href":"https:\/\/tiendamora.cl\/index.php\/wp-json\/wp\/v2\/comments?post=682"}],"wp:featuredmedia":[{"embeddable":true,"href":"https:\/\/tiendamora.cl\/index.php\/wp-json\/wp\/v2\/media\/683"}],"wp:attachment":[{"href":"https:\/\/tiendamora.cl\/index.php\/wp-json\/wp\/v2\/media?parent=682"}],"wp:term":[{"taxonomy":"product_cat","embeddable":true,"href":"https:\/\/tiendamora.cl\/index.php\/wp-json\/wp\/v2\/product_cat?post=682"},{"taxonomy":"product_tag","embeddable":true,"href":"https:\/\/tiendamora.cl\/index.php\/wp-json\/wp\/v2\/product_tag?post=682"}],"curies":[{"name":"wp","href":"https:\/\/api.w.org\/{rel}","templated":true}]}}