{"id":680,"date":"2024-08-07T23:28:10","date_gmt":"2024-08-07T23:28:10","guid":{"rendered":"https:\/\/tiendamora.cl\/?post_type=product&#038;p=680"},"modified":"2024-08-07T23:46:31","modified_gmt":"2024-08-07T23:46:31","slug":"llave-ajustable-8-harden","status":"publish","type":"product","link":"https:\/\/tiendamora.cl\/index.php\/product\/llave-ajustable-8-harden\/","title":{"rendered":"Llave Ajustable 8 Harden"},"content":{"rendered":"","protected":false},"excerpt":{"rendered":"<p>Esta llave francesa es perfecta para una variedad de trabajos, desde el bricolaje en casa hasta tareas m\u00e1s profesionales. Fabricada con CrV, un material conocido por su resistencia y durabilidad, esta llave est\u00e1 dise\u00f1ada para resistir el desgaste del uso diario.<\/p>\n","protected":false},"featured_media":681,"comment_status":"open","ping_status":"closed","template":"","meta":[],"product_cat":[45],"product_tag":[],"class_list":{"0":"post-680","1":"product","2":"type-product","3":"status-publish","4":"has-post-thumbnail","6":"product_cat-herramientas","8":"first","9":"instock","10":"shipping-taxable","11":"product-type-simple"},"_links":{"self":[{"href":"https:\/\/tiendamora.cl\/index.php\/wp-json\/wp\/v2\/product\/680","targetHints":{"allow":["GET"]}}],"collection":[{"href":"https:\/\/tiendamora.cl\/index.php\/wp-json\/wp\/v2\/product"}],"about":[{"href":"https:\/\/tiendamora.cl\/index.php\/wp-json\/wp\/v2\/types\/product"}],"replies":[{"embeddable":true,"href":"https:\/\/tiendamora.cl\/index.php\/wp-json\/wp\/v2\/comments?post=680"}],"wp:featuredmedia":[{"embeddable":true,"href":"https:\/\/tiendamora.cl\/index.php\/wp-json\/wp\/v2\/media\/681"}],"wp:attachment":[{"href":"https:\/\/tiendamora.cl\/index.php\/wp-json\/wp\/v2\/media?parent=680"}],"wp:term":[{"taxonomy":"product_cat","embeddable":true,"href":"https:\/\/tiendamora.cl\/index.php\/wp-json\/wp\/v2\/product_cat?post=680"},{"taxonomy":"product_tag","embeddable":true,"href":"https:\/\/tiendamora.cl\/index.php\/wp-json\/wp\/v2\/product_tag?post=680"}],"curies":[{"name":"wp","href":"https:\/\/api.w.org\/{rel}","templated":true}]}}