{"id":678,"date":"2024-08-07T23:23:09","date_gmt":"2024-08-07T23:23:09","guid":{"rendered":"https:\/\/tiendamora.cl\/?post_type=product&#038;p=678"},"modified":"2024-08-07T23:46:38","modified_gmt":"2024-08-07T23:46:38","slug":"pick-up-tools-practico-boligrafo-de-largo-alcance-magnetico","status":"publish","type":"product","link":"https:\/\/tiendamora.cl\/index.php\/product\/pick-up-tools-practico-boligrafo-de-largo-alcance-magnetico\/","title":{"rendered":"Pick-up Tools, Pr\u00e1ctico Bol\u00edgrafo De Largo Alcance Magn\u00e9tico"},"content":{"rendered":"","protected":false},"excerpt":{"rendered":"<p>ventosa magn\u00e9tica, cuando caigas por el hueco de la plancha, los agujeros o<br \/>\ncuando no quedes atrapado en el tanque, utiliza la ventosa para resolverlo. Sencillo, pr\u00e1ctico y r\u00e1pido, apto<br \/>\npara f\u00e1bricas, personales u otras industrias:<br \/>\ntornillo de succi\u00f3n, herramientas para tuercas, varillas de succi\u00f3n, propietarios, bricolaje, trabajadores esenciales,<br \/>\ntipo mango trasero o funda de pl\u00e1stico<\/p>\n","protected":false},"featured_media":679,"comment_status":"open","ping_status":"closed","template":"","meta":[],"product_cat":[45],"product_tag":[],"class_list":{"0":"post-678","1":"product","2":"type-product","3":"status-publish","4":"has-post-thumbnail","6":"product_cat-herramientas","8":"first","9":"instock","10":"shipping-taxable","11":"product-type-simple"},"_links":{"self":[{"href":"https:\/\/tiendamora.cl\/index.php\/wp-json\/wp\/v2\/product\/678","targetHints":{"allow":["GET"]}}],"collection":[{"href":"https:\/\/tiendamora.cl\/index.php\/wp-json\/wp\/v2\/product"}],"about":[{"href":"https:\/\/tiendamora.cl\/index.php\/wp-json\/wp\/v2\/types\/product"}],"replies":[{"embeddable":true,"href":"https:\/\/tiendamora.cl\/index.php\/wp-json\/wp\/v2\/comments?post=678"}],"wp:featuredmedia":[{"embeddable":true,"href":"https:\/\/tiendamora.cl\/index.php\/wp-json\/wp\/v2\/media\/679"}],"wp:attachment":[{"href":"https:\/\/tiendamora.cl\/index.php\/wp-json\/wp\/v2\/media?parent=678"}],"wp:term":[{"taxonomy":"product_cat","embeddable":true,"href":"https:\/\/tiendamora.cl\/index.php\/wp-json\/wp\/v2\/product_cat?post=678"},{"taxonomy":"product_tag","embeddable":true,"href":"https:\/\/tiendamora.cl\/index.php\/wp-json\/wp\/v2\/product_tag?post=678"}],"curies":[{"name":"wp","href":"https:\/\/api.w.org\/{rel}","templated":true}]}}