{"id":676,"date":"2024-08-07T23:20:52","date_gmt":"2024-08-07T23:20:52","guid":{"rendered":"https:\/\/tiendamora.cl\/?post_type=product&#038;p=676"},"modified":"2024-08-07T23:46:42","modified_gmt":"2024-08-07T23:46:42","slug":"destornillador-harden-2-in-1-screwdriver","status":"publish","type":"product","link":"https:\/\/tiendamora.cl\/index.php\/product\/destornillador-harden-2-in-1-screwdriver\/","title":{"rendered":"Destornillador Harden 2 in 1 screwdriver"},"content":{"rendered":"","protected":false},"excerpt":{"rendered":"<p>Destornillador 2 en 1, tanto Phillips como Plano y posibilidad de usarlo en \u00abT\u00bb<br \/>\nMarca: HArden<br \/>\nModelo : 550391<\/p>\n<p>Puntas: PL6 y PH2<\/p>\n<p>Caracteristicas:<\/p>\n<p>&#8211; Fabricado en Acero 6150 Cromo Vanadium, endurecida, no se lastima, no se arquea.<br \/>\n&#8211; Posibilidad de usarlo convencionalmente o en \u00abT\u00bb dependiendo lo que se necesite.<br \/>\n&#8211; Mango Pl\u00e1stico TPR de alta calidad, confortable, ergon\u00f3mico.<br \/>\n&#8211; Permite aplicar alto torque sin da\u00f1ar la punta ni el tornillo.<br \/>\n&#8211; Soporta la exposici\u00f3n a la mayor\u00eda de los qu\u00edmicos.<\/p>\n","protected":false},"featured_media":677,"comment_status":"open","ping_status":"closed","template":"","meta":[],"product_cat":[45],"product_tag":[],"class_list":{"0":"post-676","1":"product","2":"type-product","3":"status-publish","4":"has-post-thumbnail","6":"product_cat-herramientas","8":"first","9":"instock","10":"shipping-taxable","11":"product-type-simple"},"_links":{"self":[{"href":"https:\/\/tiendamora.cl\/index.php\/wp-json\/wp\/v2\/product\/676","targetHints":{"allow":["GET"]}}],"collection":[{"href":"https:\/\/tiendamora.cl\/index.php\/wp-json\/wp\/v2\/product"}],"about":[{"href":"https:\/\/tiendamora.cl\/index.php\/wp-json\/wp\/v2\/types\/product"}],"replies":[{"embeddable":true,"href":"https:\/\/tiendamora.cl\/index.php\/wp-json\/wp\/v2\/comments?post=676"}],"wp:featuredmedia":[{"embeddable":true,"href":"https:\/\/tiendamora.cl\/index.php\/wp-json\/wp\/v2\/media\/677"}],"wp:attachment":[{"href":"https:\/\/tiendamora.cl\/index.php\/wp-json\/wp\/v2\/media?parent=676"}],"wp:term":[{"taxonomy":"product_cat","embeddable":true,"href":"https:\/\/tiendamora.cl\/index.php\/wp-json\/wp\/v2\/product_cat?post=676"},{"taxonomy":"product_tag","embeddable":true,"href":"https:\/\/tiendamora.cl\/index.php\/wp-json\/wp\/v2\/product_tag?post=676"}],"curies":[{"name":"wp","href":"https:\/\/api.w.org\/{rel}","templated":true}]}}