{"id":669,"date":"2024-08-07T23:06:02","date_gmt":"2024-08-07T23:06:02","guid":{"rendered":"https:\/\/tiendamora.cl\/?post_type=product&#038;p=669"},"modified":"2024-08-07T23:46:50","modified_gmt":"2024-08-07T23:46:50","slug":"extension-electrica-macrotel-10-metros-2500w","status":"publish","type":"product","link":"https:\/\/tiendamora.cl\/index.php\/product\/extension-electrica-macrotel-10-metros-2500w\/","title":{"rendered":"Extensi\u00f3n El\u00e9ctrica Macrotel 10 Metros 2500W"},"content":{"rendered":"","protected":false},"excerpt":{"rendered":"<p>Extensi\u00f3n el\u00e9ctrica de 10 metros para largo alcance, con cable naranjo fabricado en pl\u00e1stico de alta resistencia permite uso intensivo, lo que lo hace ideal para eventos o trabajos en terreno que requieren mover y cambiar las conexiones constantemente.<\/p>\n<p>Soporta equipos con consumo de hasta 2500 Watts y su color naranjo permite hacerlo visible para evitar tropezones que podr\u00edan ser riesgosos.<\/p>\n<p>ESPECIFICACIONES T\u00c9CNICAS<\/p>\n<p>\u2022 Largo del cable: 10 metros.<\/p>\n<p>\u2022 Voltaje: Hasta 250V a 10A.<\/p>\n<p>\u2022 Potencia m\u00e1xima soportada: 2500W.<\/p>\n<p>\u2022 Color: naranjo.<\/p>\n","protected":false},"featured_media":670,"comment_status":"open","ping_status":"closed","template":"","meta":[],"product_cat":[44],"product_tag":[],"class_list":{"0":"post-669","1":"product","2":"type-product","3":"status-publish","4":"has-post-thumbnail","6":"product_cat-alargadores-y-extensiones","8":"first","9":"instock","10":"shipping-taxable","11":"product-type-simple"},"_links":{"self":[{"href":"https:\/\/tiendamora.cl\/index.php\/wp-json\/wp\/v2\/product\/669","targetHints":{"allow":["GET"]}}],"collection":[{"href":"https:\/\/tiendamora.cl\/index.php\/wp-json\/wp\/v2\/product"}],"about":[{"href":"https:\/\/tiendamora.cl\/index.php\/wp-json\/wp\/v2\/types\/product"}],"replies":[{"embeddable":true,"href":"https:\/\/tiendamora.cl\/index.php\/wp-json\/wp\/v2\/comments?post=669"}],"wp:featuredmedia":[{"embeddable":true,"href":"https:\/\/tiendamora.cl\/index.php\/wp-json\/wp\/v2\/media\/670"}],"wp:attachment":[{"href":"https:\/\/tiendamora.cl\/index.php\/wp-json\/wp\/v2\/media?parent=669"}],"wp:term":[{"taxonomy":"product_cat","embeddable":true,"href":"https:\/\/tiendamora.cl\/index.php\/wp-json\/wp\/v2\/product_cat?post=669"},{"taxonomy":"product_tag","embeddable":true,"href":"https:\/\/tiendamora.cl\/index.php\/wp-json\/wp\/v2\/product_tag?post=669"}],"curies":[{"name":"wp","href":"https:\/\/api.w.org\/{rel}","templated":true}]}}